{"id":665,"date":"2022-11-28T07:56:54","date_gmt":"2022-11-28T06:56:54","guid":{"rendered":"https:\/\/estudionuriabalboa.com\/contacto\/"},"modified":"2024-01-29T21:21:26","modified_gmt":"2024-01-29T20:21:26","slug":"contacto","status":"publish","type":"page","link":"https:\/\/estudionuriabalboa.com\/es\/contacto\/","title":{"rendered":"Contacto"},"content":{"rendered":"\n<p>Para solicitar informaci\u00f3n, presupuesto o consultar la prestaci\u00f3n de nuestros servicios, dejamos a su disposici\u00f3n los m\u00e9todos de contacto habituales y tambi\u00e9n un formulario de contacto directo.<\/p>\n\n\n\n<div class=\"wpcf7 no-js\" id=\"wpcf7-f139-o1\" lang=\"gl-ES\" dir=\"ltr\" data-wpcf7-id=\"139\">\n<div class=\"screen-reader-response\"><p role=\"status\" aria-live=\"polite\" aria-atomic=\"true\"><\/p> <ul><\/ul><\/div>\n<form action=\"\/es\/wp-json\/wp\/v2\/pages\/665#wpcf7-f139-o1\" method=\"post\" class=\"wpcf7-form init\" aria-label=\"Formulario de contacto\" novalidate=\"novalidate\" data-status=\"init\">\n<fieldset class=\"hidden-fields-container\"><input type=\"hidden\" name=\"_wpcf7\" value=\"139\" \/><input type=\"hidden\" name=\"_wpcf7_version\" value=\"6.1.5\" \/><input type=\"hidden\" name=\"_wpcf7_locale\" value=\"gl_ES\" \/><input type=\"hidden\" name=\"_wpcf7_unit_tag\" value=\"wpcf7-f139-o1\" \/><input type=\"hidden\" name=\"_wpcf7_container_post\" value=\"0\" \/><input type=\"hidden\" name=\"_wpcf7_posted_data_hash\" value=\"\" \/><input type=\"hidden\" name=\"_wpcf7_recaptcha_response\" value=\"\" \/>\n<\/fieldset>\n<p><label> Nome<br \/>\n<span class=\"wpcf7-form-control-wrap\" data-name=\"nome\"><input size=\"40\" maxlength=\"400\" class=\"wpcf7-form-control wpcf7-text wpcf7-validates-as-required\" aria-required=\"true\" aria-invalid=\"false\" value=\"\" type=\"text\" name=\"nome\" \/><\/span> <\/label>\n<\/p>\n<p><label> Correo electr\u00f3nico<br \/>\n<span class=\"wpcf7-form-control-wrap\" data-name=\"email\"><input size=\"40\" maxlength=\"400\" class=\"wpcf7-form-control wpcf7-email wpcf7-validates-as-required wpcf7-text wpcf7-validates-as-email\" aria-required=\"true\" aria-invalid=\"false\" value=\"\" type=\"email\" name=\"email\" \/><\/span> <\/label>\n<\/p>\n<p><label> Tel\u00e9fono<br \/>\n<span class=\"wpcf7-form-control-wrap\" data-name=\"telefono\"><input size=\"40\" maxlength=\"400\" class=\"wpcf7-form-control wpcf7-tel wpcf7-validates-as-required wpcf7-text wpcf7-validates-as-tel\" aria-required=\"true\" aria-invalid=\"false\" value=\"\" type=\"tel\" name=\"telefono\" \/><\/span><\/label>\n<\/p>\n<p><label> Mensaxe<br \/>\n<span class=\"wpcf7-form-control-wrap\" data-name=\"message\"><textarea cols=\"40\" rows=\"10\" maxlength=\"2000\" class=\"wpcf7-form-control wpcf7-textarea\" aria-invalid=\"false\" name=\"message\"><\/textarea><\/span> <\/label>\n<\/p>\n<p><input class=\"wpcf7-form-control wpcf7-submit has-spinner\" type=\"submit\" value=\"Enviar\" \/>\n<\/p><div class=\"wpcf7-response-output\" aria-hidden=\"true\"><\/div>\n<\/form>\n<\/div>\n\n\n\n\n<div class=\"wp-block-media-text is-stacked-on-mobile is-vertically-aligned-center iconos-pequenos\" style=\"grid-template-columns:15% auto\"><figure class=\"wp-block-media-text__media\"><img loading=\"lazy\" decoding=\"async\" width=\"594\" height=\"594\" src=\"https:\/\/estudionuriabalboa.com\/wp-content\/uploads\/2023\/03\/telefono-icono-1.png\" alt=\"\" class=\"wp-image-353 size-full\" srcset=\"https:\/\/estudionuriabalboa.com\/wp-content\/uploads\/2023\/03\/telefono-icono-1.png 594w, https:\/\/estudionuriabalboa.com\/wp-content\/uploads\/2023\/03\/telefono-icono-1-250x250.png 250w, https:\/\/estudionuriabalboa.com\/wp-content\/uploads\/2023\/03\/telefono-icono-1-150x150.png 150w, https:\/\/estudionuriabalboa.com\/wp-content\/uploads\/2023\/03\/telefono-icono-1-120x120.png 120w\" sizes=\"auto, (max-width: 594px) 100vw, 594px\" \/><\/figure><div class=\"wp-block-media-text__content\">\n<p>+ 34 699 949 230<\/p>\n<\/div><\/div>\n\n\n\n<div style=\"height:20px\" aria-hidden=\"true\" class=\"wp-block-spacer\"><\/div>\n\n\n\n<div class=\"wp-block-media-text is-stacked-on-mobile iconos-pequenos\" style=\"grid-template-columns:15% auto\"><figure class=\"wp-block-media-text__media\"><img loading=\"lazy\" decoding=\"async\" width=\"500\" height=\"500\" src=\"https:\/\/estudionuriabalboa.com\/wp-content\/uploads\/2023\/03\/mail-icono.png\" alt=\"\" class=\"wp-image-356 size-full\" srcset=\"https:\/\/estudionuriabalboa.com\/wp-content\/uploads\/2023\/03\/mail-icono.png 500w, https:\/\/estudionuriabalboa.com\/wp-content\/uploads\/2023\/03\/mail-icono-250x250.png 250w, https:\/\/estudionuriabalboa.com\/wp-content\/uploads\/2023\/03\/mail-icono-150x150.png 150w, https:\/\/estudionuriabalboa.com\/wp-content\/uploads\/2023\/03\/mail-icono-120x120.png 120w\" sizes=\"auto, (max-width: 500px) 100vw, 500px\" \/><\/figure><div class=\"wp-block-media-text__content\">\n<p>info@estudionuriabalboa.com<\/p>\n<\/div><\/div>\n\n\n\n<div style=\"height:20px\" aria-hidden=\"true\" class=\"wp-block-spacer\"><\/div>\n\n\n\n<div class=\"wp-block-media-text is-stacked-on-mobile iconos-pequenos\" style=\"grid-template-columns:15% auto\"><figure class=\"wp-block-media-text__media\"><img loading=\"lazy\" decoding=\"async\" width=\"700\" height=\"686\" src=\"https:\/\/estudionuriabalboa.com\/wp-content\/uploads\/2023\/03\/ubicacion-icono-700x686.png\" alt=\"\" class=\"wp-image-359 size-full\" srcset=\"https:\/\/estudionuriabalboa.com\/wp-content\/uploads\/2023\/03\/ubicacion-icono-700x686.png 700w, https:\/\/estudionuriabalboa.com\/wp-content\/uploads\/2023\/03\/ubicacion-icono-250x245.png 250w, https:\/\/estudionuriabalboa.com\/wp-content\/uploads\/2023\/03\/ubicacion-icono-768x752.png 768w, https:\/\/estudionuriabalboa.com\/wp-content\/uploads\/2023\/03\/ubicacion-icono-120x118.png 120w, https:\/\/estudionuriabalboa.com\/wp-content\/uploads\/2023\/03\/ubicacion-icono.png 980w\" sizes=\"auto, (max-width: 700px) 100vw, 700px\" \/><\/figure><div class=\"wp-block-media-text__content\">\n<p>Esquina Calle Rosal\u00eda de Castro con Calle Rvdo J.M. P\u00e9rez Alonso (Nigr\u00e1n)<\/p>\n<\/div><\/div>\n\n\n\n<div style=\"height:200px\" aria-hidden=\"true\" class=\"wp-block-spacer\"><\/div>\n","protected":false},"excerpt":{"rendered":"Para solicitar informaci\u00f3n, presupuesto o consultar la prestaci\u00f3n de nuestros servicios, dejamos a su disposici\u00f3n los m\u00e9todos de contacto habituales&#8230;","protected":false},"author":1,"featured_media":0,"parent":0,"menu_order":3,"comment_status":"closed","ping_status":"closed","template":"","meta":{"footnotes":""},"class_list":["post-665","page","type-page","status-publish","hentry"],"_links":{"self":[{"href":"https:\/\/estudionuriabalboa.com\/es\/wp-json\/wp\/v2\/pages\/665","targetHints":{"allow":["GET"]}}],"collection":[{"href":"https:\/\/estudionuriabalboa.com\/es\/wp-json\/wp\/v2\/pages"}],"about":[{"href":"https:\/\/estudionuriabalboa.com\/es\/wp-json\/wp\/v2\/types\/page"}],"author":[{"embeddable":true,"href":"https:\/\/estudionuriabalboa.com\/es\/wp-json\/wp\/v2\/users\/1"}],"replies":[{"embeddable":true,"href":"https:\/\/estudionuriabalboa.com\/es\/wp-json\/wp\/v2\/comments?post=665"}],"version-history":[{"count":0,"href":"https:\/\/estudionuriabalboa.com\/es\/wp-json\/wp\/v2\/pages\/665\/revisions"}],"wp:attachment":[{"href":"https:\/\/estudionuriabalboa.com\/es\/wp-json\/wp\/v2\/media?parent=665"}],"curies":[{"name":"wp","href":"https:\/\/api.w.org\/{rel}","templated":true}]}}