{"id":657,"date":"2022-12-01T12:03:50","date_gmt":"2022-12-01T11:03:50","guid":{"rendered":"https:\/\/estudionuriabalboa.com\/eventos\/"},"modified":"2024-01-24T17:35:15","modified_gmt":"2024-01-24T16:35:15","slug":"eventos","status":"publish","type":"page","link":"https:\/\/estudionuriabalboa.com\/es\/eventos\/","title":{"rendered":"Gesti\u00f3n T\u00e9cnica de Eventos"},"content":{"rendered":"\n<p>Entender el mundo de la cultura desde dentro, es fundamental para trabajar tanto en el dise\u00f1o como en su gesti\u00f3n normativa. Desde el estudio, hacemos la gesti\u00f3n t\u00e9cnica completa de los eventos: solicitud de licencias de actividad, autorizaciones sectoriales (puertos, costas, aguas, medio ambiente, patrimonio&#8230;), proyecto t\u00e9cnico, certificaci\u00f3n de estructuras, coordinaci\u00f3n de seguridad y salud, planes de emergencia y autoprotecci\u00f3n, localizaciones, dise\u00f1o, asesoramiento&#8230;<\/p>\n\n\n\n<p>La confianza depositada en nosotros a\u00f1o tras a\u00f1o de las Administraciones, promotores y empresas musicales avalan nuestro trabajo y nos dan la motivaci\u00f3n para seguir mejorando y form\u00e1ndonos d\u00eda tras d\u00eda.<\/p>\n\n\n\n<p>Formamos parte de: Asociaci\u00f3n Gallega de Profesionales de la Gesti\u00f3n Cultural, Asociaci\u00f3n Portuguesa de Festivales, Asociaci\u00f3n MIM (Mujeres de la Industria de la M\u00fasica) y AGEM (Asociaci\u00f3n Gallega de Empresas Musicales)<\/p>\n\n\n\n<figure class=\"wp-block-image size-large is-resized\"><img loading=\"lazy\" decoding=\"async\" width=\"700\" height=\"467\" src=\"https:\/\/estudionuriabalboa.com\/wp-content\/uploads\/2023\/04\/241989786_1405745046479253_5665536645735340435_n-700x467.jpg\" alt=\"\" class=\"wp-image-505\" style=\"width:840px;height:560px\" srcset=\"https:\/\/estudionuriabalboa.com\/wp-content\/uploads\/2023\/04\/241989786_1405745046479253_5665536645735340435_n-700x467.jpg 700w, https:\/\/estudionuriabalboa.com\/wp-content\/uploads\/2023\/04\/241989786_1405745046479253_5665536645735340435_n-250x167.jpg 250w, https:\/\/estudionuriabalboa.com\/wp-content\/uploads\/2023\/04\/241989786_1405745046479253_5665536645735340435_n-768x512.jpg 768w, https:\/\/estudionuriabalboa.com\/wp-content\/uploads\/2023\/04\/241989786_1405745046479253_5665536645735340435_n-120x80.jpg 120w, https:\/\/estudionuriabalboa.com\/wp-content\/uploads\/2023\/04\/241989786_1405745046479253_5665536645735340435_n.jpg 799w\" sizes=\"auto, (max-width: 700px) 100vw, 700px\" \/><\/figure>\n\n\n\n<figure class=\"wp-block-image size-large is-resized\"><img loading=\"lazy\" decoding=\"async\" width=\"700\" height=\"467\" src=\"https:\/\/estudionuriabalboa.com\/wp-content\/uploads\/2023\/04\/CDC_leticiatblanco-700x467.jpg\" alt=\"\" class=\"wp-image-529\" style=\"width:839px;height:560px\" srcset=\"https:\/\/estudionuriabalboa.com\/wp-content\/uploads\/2023\/04\/CDC_leticiatblanco-700x467.jpg 700w, https:\/\/estudionuriabalboa.com\/wp-content\/uploads\/2023\/04\/CDC_leticiatblanco-250x167.jpg 250w, https:\/\/estudionuriabalboa.com\/wp-content\/uploads\/2023\/04\/CDC_leticiatblanco-768x512.jpg 768w, https:\/\/estudionuriabalboa.com\/wp-content\/uploads\/2023\/04\/CDC_leticiatblanco-1536x1024.jpg 1536w, https:\/\/estudionuriabalboa.com\/wp-content\/uploads\/2023\/04\/CDC_leticiatblanco-120x80.jpg 120w, https:\/\/estudionuriabalboa.com\/wp-content\/uploads\/2023\/04\/CDC_leticiatblanco.jpg 1620w\" sizes=\"auto, (max-width: 700px) 100vw, 700px\" \/><\/figure>\n\n\n\n<figure class=\"wp-block-image size-large is-resized\"><img loading=\"lazy\" decoding=\"async\" width=\"700\" height=\"467\" src=\"https:\/\/estudionuriabalboa.com\/wp-content\/uploads\/2023\/04\/Parque-de-Bonaval-700x467.jpg\" alt=\"\" class=\"wp-image-532\" style=\"width:841px;height:561px\" srcset=\"https:\/\/estudionuriabalboa.com\/wp-content\/uploads\/2023\/04\/Parque-de-Bonaval-700x467.jpg 700w, https:\/\/estudionuriabalboa.com\/wp-content\/uploads\/2023\/04\/Parque-de-Bonaval-250x167.jpg 250w, https:\/\/estudionuriabalboa.com\/wp-content\/uploads\/2023\/04\/Parque-de-Bonaval-768x512.jpg 768w, https:\/\/estudionuriabalboa.com\/wp-content\/uploads\/2023\/04\/Parque-de-Bonaval-1536x1024.jpg 1536w, https:\/\/estudionuriabalboa.com\/wp-content\/uploads\/2023\/04\/Parque-de-Bonaval-120x80.jpg 120w, https:\/\/estudionuriabalboa.com\/wp-content\/uploads\/2023\/04\/Parque-de-Bonaval.jpg 1620w\" sizes=\"auto, (max-width: 700px) 100vw, 700px\" \/><\/figure>\n\n\n\n<figure class=\"wp-block-image size-large is-resized\"><img loading=\"lazy\" decoding=\"async\" width=\"700\" height=\"525\" src=\"https:\/\/estudionuriabalboa.com\/wp-content\/uploads\/2023\/04\/IMG_20210923_140759_382-700x525.webp\" alt=\"\" class=\"wp-image-512\" style=\"width:840px;height:630px\" srcset=\"https:\/\/estudionuriabalboa.com\/wp-content\/uploads\/2023\/04\/IMG_20210923_140759_382-700x525.webp 700w, https:\/\/estudionuriabalboa.com\/wp-content\/uploads\/2023\/04\/IMG_20210923_140759_382-250x188.webp 250w, https:\/\/estudionuriabalboa.com\/wp-content\/uploads\/2023\/04\/IMG_20210923_140759_382-768x576.webp 768w, https:\/\/estudionuriabalboa.com\/wp-content\/uploads\/2023\/04\/IMG_20210923_140759_382-1536x1152.webp 1536w, https:\/\/estudionuriabalboa.com\/wp-content\/uploads\/2023\/04\/IMG_20210923_140759_382-2048x1536.webp 2048w, https:\/\/estudionuriabalboa.com\/wp-content\/uploads\/2023\/04\/IMG_20210923_140759_382-120x90.webp 120w\" sizes=\"auto, (max-width: 700px) 100vw, 700px\" \/><\/figure>\n\n\n\n<figure class=\"wp-block-image size-large is-resized\"><img loading=\"lazy\" decoding=\"async\" width=\"700\" height=\"467\" src=\"https:\/\/estudionuriabalboa.com\/wp-content\/uploads\/2023\/04\/Renick-Bell-WOS-2019-Foto-Sandra-MG-Low-10-1-700x467.jpg\" alt=\"\" class=\"wp-image-538\" style=\"width:838px;height:559px\" srcset=\"https:\/\/estudionuriabalboa.com\/wp-content\/uploads\/2023\/04\/Renick-Bell-WOS-2019-Foto-Sandra-MG-Low-10-1-700x467.jpg 700w, https:\/\/estudionuriabalboa.com\/wp-content\/uploads\/2023\/04\/Renick-Bell-WOS-2019-Foto-Sandra-MG-Low-10-1-250x167.jpg 250w, https:\/\/estudionuriabalboa.com\/wp-content\/uploads\/2023\/04\/Renick-Bell-WOS-2019-Foto-Sandra-MG-Low-10-1-768x512.jpg 768w, https:\/\/estudionuriabalboa.com\/wp-content\/uploads\/2023\/04\/Renick-Bell-WOS-2019-Foto-Sandra-MG-Low-10-1-1536x1024.jpg 1536w, https:\/\/estudionuriabalboa.com\/wp-content\/uploads\/2023\/04\/Renick-Bell-WOS-2019-Foto-Sandra-MG-Low-10-1-2048x1365.jpg 2048w, https:\/\/estudionuriabalboa.com\/wp-content\/uploads\/2023\/04\/Renick-Bell-WOS-2019-Foto-Sandra-MG-Low-10-1-120x80.jpg 120w\" sizes=\"auto, (max-width: 700px) 100vw, 700px\" \/><\/figure>\n\n\n\n<figure class=\"wp-block-image size-large is-resized\"><img loading=\"lazy\" decoding=\"async\" width=\"700\" height=\"467\" src=\"https:\/\/estudionuriabalboa.com\/wp-content\/uploads\/2022\/11\/cardama2-700x467.jpg\" alt=\"\" class=\"wp-image-461\" style=\"width:839px;height:560px\" srcset=\"https:\/\/estudionuriabalboa.com\/wp-content\/uploads\/2022\/11\/cardama2-700x467.jpg 700w, https:\/\/estudionuriabalboa.com\/wp-content\/uploads\/2022\/11\/cardama2-250x167.jpg 250w, https:\/\/estudionuriabalboa.com\/wp-content\/uploads\/2022\/11\/cardama2-768x512.jpg 768w, https:\/\/estudionuriabalboa.com\/wp-content\/uploads\/2022\/11\/cardama2-120x80.jpg 120w, https:\/\/estudionuriabalboa.com\/wp-content\/uploads\/2022\/11\/cardama2.jpg 933w\" sizes=\"auto, (max-width: 700px) 100vw, 700px\" \/><\/figure>\n\n\n\n<figure class=\"wp-block-image size-large is-resized\"><img loading=\"lazy\" decoding=\"async\" width=\"1280\" height=\"800\" src=\"https:\/\/estudionuriabalboa.com\/wp-content\/uploads\/2023\/04\/245261296_5143680685649056_7803443534398566860_n-edited.jpg\" alt=\"\" class=\"wp-image-515\" style=\"width:840px\" srcset=\"https:\/\/estudionuriabalboa.com\/wp-content\/uploads\/2023\/04\/245261296_5143680685649056_7803443534398566860_n-edited.jpg 1280w, https:\/\/estudionuriabalboa.com\/wp-content\/uploads\/2023\/04\/245261296_5143680685649056_7803443534398566860_n-edited-250x156.jpg 250w, https:\/\/estudionuriabalboa.com\/wp-content\/uploads\/2023\/04\/245261296_5143680685649056_7803443534398566860_n-edited-700x438.jpg 700w, https:\/\/estudionuriabalboa.com\/wp-content\/uploads\/2023\/04\/245261296_5143680685649056_7803443534398566860_n-edited-768x480.jpg 768w, https:\/\/estudionuriabalboa.com\/wp-content\/uploads\/2023\/04\/245261296_5143680685649056_7803443534398566860_n-edited-120x75.jpg 120w\" sizes=\"auto, (max-width: 1280px) 100vw, 1280px\" \/><\/figure>\n\n\n\n<figure class=\"wp-block-image size-large is-resized\"><img loading=\"lazy\" decoding=\"async\" width=\"700\" height=\"467\" src=\"https:\/\/estudionuriabalboa.com\/wp-content\/uploads\/2022\/11\/300524458_5862694337097525_4514133853630120575_n-700x467.jpg\" alt=\"\" class=\"wp-image-476\" style=\"width:841px;height:561px\" srcset=\"https:\/\/estudionuriabalboa.com\/wp-content\/uploads\/2022\/11\/300524458_5862694337097525_4514133853630120575_n-700x467.jpg 700w, https:\/\/estudionuriabalboa.com\/wp-content\/uploads\/2022\/11\/300524458_5862694337097525_4514133853630120575_n-250x167.jpg 250w, https:\/\/estudionuriabalboa.com\/wp-content\/uploads\/2022\/11\/300524458_5862694337097525_4514133853630120575_n-768x512.jpg 768w, https:\/\/estudionuriabalboa.com\/wp-content\/uploads\/2022\/11\/300524458_5862694337097525_4514133853630120575_n-1536x1025.jpg 1536w, https:\/\/estudionuriabalboa.com\/wp-content\/uploads\/2022\/11\/300524458_5862694337097525_4514133853630120575_n-120x80.jpg 120w, https:\/\/estudionuriabalboa.com\/wp-content\/uploads\/2022\/11\/300524458_5862694337097525_4514133853630120575_n.jpg 2048w\" sizes=\"auto, (max-width: 700px) 100vw, 700px\" \/><\/figure>\n\n\n\n<figure class=\"wp-block-image size-large is-resized\"><img loading=\"lazy\" decoding=\"async\" width=\"700\" height=\"394\" src=\"https:\/\/estudionuriabalboa.com\/wp-content\/uploads\/2022\/11\/19390882_10154924664581713_8207513915825154906_o-700x394.jpg\" alt=\"\" class=\"wp-image-479\" style=\"width:841px;height:473px\" srcset=\"https:\/\/estudionuriabalboa.com\/wp-content\/uploads\/2022\/11\/19390882_10154924664581713_8207513915825154906_o-700x394.jpg 700w, https:\/\/estudionuriabalboa.com\/wp-content\/uploads\/2022\/11\/19390882_10154924664581713_8207513915825154906_o-250x141.jpg 250w, https:\/\/estudionuriabalboa.com\/wp-content\/uploads\/2022\/11\/19390882_10154924664581713_8207513915825154906_o-768x432.jpg 768w, https:\/\/estudionuriabalboa.com\/wp-content\/uploads\/2022\/11\/19390882_10154924664581713_8207513915825154906_o-120x68.jpg 120w, https:\/\/estudionuriabalboa.com\/wp-content\/uploads\/2022\/11\/19390882_10154924664581713_8207513915825154906_o.jpg 1080w\" sizes=\"auto, (max-width: 700px) 100vw, 700px\" \/><\/figure>\n\n\n\n<figure class=\"wp-block-image size-large is-resized\"><img loading=\"lazy\" decoding=\"async\" width=\"700\" height=\"467\" src=\"https:\/\/estudionuriabalboa.com\/wp-content\/uploads\/2023\/04\/242045493_119255800460468_1924210182372636425_n-700x467.jpg\" alt=\"\" class=\"wp-image-509\" style=\"width:839px;height:560px\" srcset=\"https:\/\/estudionuriabalboa.com\/wp-content\/uploads\/2023\/04\/242045493_119255800460468_1924210182372636425_n-700x467.jpg 700w, https:\/\/estudionuriabalboa.com\/wp-content\/uploads\/2023\/04\/242045493_119255800460468_1924210182372636425_n-250x167.jpg 250w, https:\/\/estudionuriabalboa.com\/wp-content\/uploads\/2023\/04\/242045493_119255800460468_1924210182372636425_n-768x512.jpg 768w, https:\/\/estudionuriabalboa.com\/wp-content\/uploads\/2023\/04\/242045493_119255800460468_1924210182372636425_n-120x80.jpg 120w, https:\/\/estudionuriabalboa.com\/wp-content\/uploads\/2023\/04\/242045493_119255800460468_1924210182372636425_n.jpg 1080w\" sizes=\"auto, (max-width: 700px) 100vw, 700px\" \/><\/figure>\n\n\n\n<figure class=\"wp-block-image size-large is-resized\"><img loading=\"lazy\" decoding=\"async\" width=\"700\" height=\"467\" src=\"https:\/\/estudionuriabalboa.com\/wp-content\/uploads\/2022\/11\/sinsal3-700x467.jpg\" alt=\"\" class=\"wp-image-464\" style=\"width:839px;height:560px\" srcset=\"https:\/\/estudionuriabalboa.com\/wp-content\/uploads\/2022\/11\/sinsal3-700x467.jpg 700w, https:\/\/estudionuriabalboa.com\/wp-content\/uploads\/2022\/11\/sinsal3-250x167.jpg 250w, https:\/\/estudionuriabalboa.com\/wp-content\/uploads\/2022\/11\/sinsal3-768x512.jpg 768w, https:\/\/estudionuriabalboa.com\/wp-content\/uploads\/2022\/11\/sinsal3-120x80.jpg 120w, https:\/\/estudionuriabalboa.com\/wp-content\/uploads\/2022\/11\/sinsal3.jpg 1134w\" sizes=\"auto, (max-width: 700px) 100vw, 700px\" \/><\/figure>\n\n\n\n<figure class=\"wp-block-image size-large is-resized\"><img loading=\"lazy\" decoding=\"async\" width=\"700\" height=\"467\" src=\"https:\/\/estudionuriabalboa.com\/wp-content\/uploads\/2022\/11\/298262517_5814775255222767_4666323142039351486_n-700x467.jpg\" alt=\"\" class=\"wp-image-473\" style=\"width:839px;height:560px\" srcset=\"https:\/\/estudionuriabalboa.com\/wp-content\/uploads\/2022\/11\/298262517_5814775255222767_4666323142039351486_n-700x467.jpg 700w, https:\/\/estudionuriabalboa.com\/wp-content\/uploads\/2022\/11\/298262517_5814775255222767_4666323142039351486_n-250x167.jpg 250w, https:\/\/estudionuriabalboa.com\/wp-content\/uploads\/2022\/11\/298262517_5814775255222767_4666323142039351486_n-768x512.jpg 768w, https:\/\/estudionuriabalboa.com\/wp-content\/uploads\/2022\/11\/298262517_5814775255222767_4666323142039351486_n-1536x1025.jpg 1536w, https:\/\/estudionuriabalboa.com\/wp-content\/uploads\/2022\/11\/298262517_5814775255222767_4666323142039351486_n-120x80.jpg 120w, https:\/\/estudionuriabalboa.com\/wp-content\/uploads\/2022\/11\/298262517_5814775255222767_4666323142039351486_n.jpg 2048w\" sizes=\"auto, (max-width: 700px) 100vw, 700px\" \/><\/figure>\n\n\n\n<figure class=\"wp-block-image size-large is-resized\"><img loading=\"lazy\" decoding=\"async\" width=\"700\" height=\"467\" src=\"https:\/\/estudionuriabalboa.com\/wp-content\/uploads\/2022\/11\/Tomoko-Sauvage-WOSxSONEG-2018-By-Sara-Roca-04-700x467.jpg\" alt=\"\" class=\"wp-image-455\" style=\"width:840px;height:560px\" srcset=\"https:\/\/estudionuriabalboa.com\/wp-content\/uploads\/2022\/11\/Tomoko-Sauvage-WOSxSONEG-2018-By-Sara-Roca-04-700x467.jpg 700w, https:\/\/estudionuriabalboa.com\/wp-content\/uploads\/2022\/11\/Tomoko-Sauvage-WOSxSONEG-2018-By-Sara-Roca-04-250x167.jpg 250w, https:\/\/estudionuriabalboa.com\/wp-content\/uploads\/2022\/11\/Tomoko-Sauvage-WOSxSONEG-2018-By-Sara-Roca-04-768x513.jpg 768w, https:\/\/estudionuriabalboa.com\/wp-content\/uploads\/2022\/11\/Tomoko-Sauvage-WOSxSONEG-2018-By-Sara-Roca-04-1536x1025.jpg 1536w, https:\/\/estudionuriabalboa.com\/wp-content\/uploads\/2022\/11\/Tomoko-Sauvage-WOSxSONEG-2018-By-Sara-Roca-04-120x80.jpg 120w, https:\/\/estudionuriabalboa.com\/wp-content\/uploads\/2022\/11\/Tomoko-Sauvage-WOSxSONEG-2018-By-Sara-Roca-04.jpg 2000w\" sizes=\"auto, (max-width: 700px) 100vw, 700px\" \/><\/figure>\n\n\n\n<hr class=\"wp-block-separator has-alpha-channel-opacity\">\n\n\n\n<h3 class=\"wp-block-heading\"> Algunos de los eventos de los que formamos parte:<\/h3>\n\n\n\n<ul class=\"wp-block-list\">\n<li>Festival Sinsal SON Estrella Galicia<\/li>\n\n\n\n<li>SON Estrella Galicia Posidonia<\/li>\n\n\n\n<li>Festival WOS X SON Estrella Galicia<\/li>\n\n\n\n<li>Festival Sonrias Baixas<\/li>\n\n\n\n<li>O Marisqui\u00f1o<\/li>\n\n\n\n<li>Noites do Porto<\/li>\n\n\n\n<li>Wake Up &amp; Dream<\/li>\n\n\n\n<li>Castanhazo Rock<\/li>\n\n\n\n<li>&#8216;Nova Normalidade&#8217; de La Fura Dels Baus<\/li>\n\n\n\n<li>Series TV para Amazon Prime Video<\/li>\n\n\n\n<li>Resurrection Fest<\/li>\n\n\n\n<li>O Son do Cami\u00f1o<\/li>\n\n\n\n<li>Tsunami Xixon<\/li>\n\n\n\n<li>Giras de artistas: Amaral, Ricky Martin, Hombres G, Natos &amp; Waor&#8230;<\/li>\n\n\n\n<li>Eventos para el Ayuntamiento de Vigo: Carnaval, Cabalgata de Reyes, San Silvestre&#8230;<\/li>\n<\/ul>\n\n\n\n<blockquote class=\"wp-block-quote is-layout-flow wp-block-quote-is-layout-flow\">\n<p><\/p>\n<cite>*Todas las fotograf\u00edas publicadas est\u00e1n sujetas a derechos de autor<\/cite><\/blockquote>\n","protected":false},"excerpt":{"rendered":"Entender el mundo de la cultura desde dentro, es fundamental para trabajar tanto en el dise\u00f1o como en su gesti\u00f3n&#8230;","protected":false},"author":1,"featured_media":0,"parent":0,"menu_order":0,"comment_status":"closed","ping_status":"closed","template":"","meta":{"footnotes":""},"class_list":["post-657","page","type-page","status-publish","hentry"],"_links":{"self":[{"href":"https:\/\/estudionuriabalboa.com\/es\/wp-json\/wp\/v2\/pages\/657","targetHints":{"allow":["GET"]}}],"collection":[{"href":"https:\/\/estudionuriabalboa.com\/es\/wp-json\/wp\/v2\/pages"}],"about":[{"href":"https:\/\/estudionuriabalboa.com\/es\/wp-json\/wp\/v2\/types\/page"}],"author":[{"embeddable":true,"href":"https:\/\/estudionuriabalboa.com\/es\/wp-json\/wp\/v2\/users\/1"}],"replies":[{"embeddable":true,"href":"https:\/\/estudionuriabalboa.com\/es\/wp-json\/wp\/v2\/comments?post=657"}],"version-history":[{"count":0,"href":"https:\/\/estudionuriabalboa.com\/es\/wp-json\/wp\/v2\/pages\/657\/revisions"}],"wp:attachment":[{"href":"https:\/\/estudionuriabalboa.com\/es\/wp-json\/wp\/v2\/media?parent=657"}],"curies":[{"name":"wp","href":"https:\/\/api.w.org\/{rel}","templated":true}]}}