{"id":651,"date":"2022-12-01T12:05:59","date_gmt":"2022-12-01T11:05:59","guid":{"rendered":"https:\/\/estudionuriabalboa.com\/info\/"},"modified":"2024-01-24T17:25:43","modified_gmt":"2024-01-24T16:25:43","slug":"info","status":"publish","type":"page","link":"https:\/\/estudionuriabalboa.com\/es\/info\/","title":{"rendered":"Info"},"content":{"rendered":"\n<div class=\"wp-block-columns is-layout-flex wp-container-core-columns-is-layout-9d6595d7 wp-block-columns-is-layout-flex\">\n<div class=\"wp-block-column is-layout-flow wp-block-column-is-layout-flow\">\n<p>El estudio de Arquitectura y Urbanismo Nuria Balboa se ubica en un lugar privilegiado, frente a la Casa Consistorial del Ayuntamiento de Nigr\u00e1n.<\/p>\n\n\n\n<p>Este espacio, lelva aberto desde la d\u00e9cada de los 60, originariamente como sastrer\u00eda y pa\u00f1er\u00eda selecta &#8216;Marrogui&#8217;, fundada por su propio abuelo materno y por el que pasaron la mayor parte de la vecindad del Val Mi\u00f1or.<\/p>\n\n\n\n<p>El trabajo manual, dedicado y preciso de los trajes, combinando texturas y colores tiene mucho de arquitect\u00f3nico, ense\u00f1ando a su nieta el valor del trabajo con las manos y los diferentes materiales.<\/p>\n\n\n\n<p>Este conocimiento adquirido, se mezcla con las visitas a obra y dibujos de su abuelo paterno desde que tiene uso de raz\u00f3n. Mois\u00e9s, fue un constructor que contaba con un excelente equipo de canteros y encofradores, y que lleg\u00f3 a trabajar con grandes arquitectos como Xos\u00e9 Bar Boo.<\/p>\n<\/div>\n\n\n\n<div class=\"wp-block-column is-layout-flow wp-block-column-is-layout-flow\">\n<p>Nuria Balboa Rodr\u00edguez, Arquitecta por la Escuela T\u00e9cnica Superior de A Coru\u00f1a y Master en Prevenci\u00f3n de Riesgos Laborales por la UVigo, comienza su andadura como profesional independiente en 2018, recogiendo y mezclando la tradici\u00f3n con las t\u00e9cnicas y normas contempor\u00e1neas.<\/p>\n\n\n\n<p>El inter\u00e9s por la mejora del trabajo la lleva a seguir form\u00e1ndose tanto en el \u00e1mbito arquitect\u00f3nico como en el cultural, desarrollando su trabajo en estes dos \u00e1mbitos.<\/p>\n\n\n\n<p>La labor de acompa\u00f1amiento a lo largo del proyecto y ejecuci\u00f3n del mismo es fundamental, ya que el proceso no es solo material, sino tambi\u00e9n emocional y vital. Se adapta cada proyecto a las necesidades de sus usuarios de modo individualizado, haciendo por tanto un &#8216;traje arquitect\u00f3nico&#8217; a medida.<\/p>\n\n\n\n<p>Actualmente el estudio cuenta con proyectos de nueva planta, urbanismo, rehabilitaciones y gesti\u00f3n t\u00e9cnica de eventos.<\/p>\n<\/div>\n<\/div>\n\n\n\n<p class=\"has-text-align-left\"><\/p>\n\n\n\n<p><\/p>\n","protected":false},"excerpt":{"rendered":"El estudio de Arquitectura y Urbanismo Nuria Balboa se ubica en un lugar privilegiado, frente a la Casa Consistorial del&#8230;","protected":false},"author":1,"featured_media":0,"parent":0,"menu_order":0,"comment_status":"closed","ping_status":"closed","template":"","meta":{"footnotes":""},"class_list":["post-651","page","type-page","status-publish","hentry"],"_links":{"self":[{"href":"https:\/\/estudionuriabalboa.com\/es\/wp-json\/wp\/v2\/pages\/651","targetHints":{"allow":["GET"]}}],"collection":[{"href":"https:\/\/estudionuriabalboa.com\/es\/wp-json\/wp\/v2\/pages"}],"about":[{"href":"https:\/\/estudionuriabalboa.com\/es\/wp-json\/wp\/v2\/types\/page"}],"author":[{"embeddable":true,"href":"https:\/\/estudionuriabalboa.com\/es\/wp-json\/wp\/v2\/users\/1"}],"replies":[{"embeddable":true,"href":"https:\/\/estudionuriabalboa.com\/es\/wp-json\/wp\/v2\/comments?post=651"}],"version-history":[{"count":0,"href":"https:\/\/estudionuriabalboa.com\/es\/wp-json\/wp\/v2\/pages\/651\/revisions"}],"wp:attachment":[{"href":"https:\/\/estudionuriabalboa.com\/es\/wp-json\/wp\/v2\/media?parent=651"}],"curies":[{"name":"wp","href":"https:\/\/api.w.org\/{rel}","templated":true}]}}