{"id":650,"date":"2022-12-01T12:05:59","date_gmt":"2022-12-01T11:05:59","guid":{"rendered":"https:\/\/estudionuriabalboa.com\/info\/"},"modified":"2024-01-24T17:27:17","modified_gmt":"2024-01-24T16:27:17","slug":"info","status":"publish","type":"page","link":"https:\/\/estudionuriabalboa.com\/en\/info\/","title":{"rendered":"Info"},"content":{"rendered":"\n<div class=\"wp-block-columns is-layout-flex wp-container-core-columns-is-layout-9d6595d7 wp-block-columns-is-layout-flex\">\n<div class=\"wp-block-column is-layout-flow wp-block-column-is-layout-flow\">\n<p>The Nuria Balboa Architecture and Urban Planning studio is located in a privileged location, in front of the Town Hall of Nigr\u00e1n Town Council.<\/p>\n\n\n\n<p>This space has been open since the 60s, originally as a tailor&#8217;s shop and select drapery &#8216;Marrogui&#8217;, founded by her own maternal grandfather and through which most of the neighbourhood of Val Mi\u00f1or passed.<\/p>\n\n\n\n<p>The manual, dedicated and precise work of the costumes, combining textures and colours, has a lot of architectural quality, teaching her granddaughter the value of working with her hands and the different materials.<\/p>\n\n\n\n<p>This acquired knowledge is combined with visits to building sites and drawings by her paternal grandfather for as long as she can remember. Mois\u00e9s was a builder who had an excellent team of stonemasons and formwork workers, and who came to work with great architects such as Xos\u00e9 Bar Boo.<\/p>\n<\/div>\n\n\n\n<div class=\"wp-block-column is-layout-flow wp-block-column-is-layout-flow\">\n<p>Nuria Balboa Rodr\u00edguez, Architect by the Escuela T\u00e9cnica Superior de A Coru\u00f1a and Master in Health ans Safety Risk by UVigo, begins her career as an independent professional in 2018, gathering and mixing tradition with contemporary techniques and standards.<\/p>\n\n\n\n<p>Her interest in improving her work leads her to continue training in both the architectural and cultural fields, developing her work in these two areas.<\/p>\n\n\n\n<p>The work of accompaniment throughout the project and its execution is fundamental, as the process is not only material, but also emotional and vital. Each project is adapted to the needs of its users in an individualised way, thus making a tailor-made &#8216;architectural suit&#8217;.<\/p>\n\n\n\n<p>The studio is currently involved in new building projects, urban planning, refurbishments and technical management of events.<\/p>\n<\/div>\n<\/div>\n\n\n\n<p class=\"has-text-align-left\"><\/p>\n\n\n\n<p><\/p>\n","protected":false},"excerpt":{"rendered":"The Nuria Balboa Architecture and Urban Planning studio is located in a privileged location, in front of the Town Hall&#8230;","protected":false},"author":1,"featured_media":0,"parent":0,"menu_order":0,"comment_status":"closed","ping_status":"closed","template":"","meta":{"footnotes":""},"class_list":["post-650","page","type-page","status-publish","hentry"],"_links":{"self":[{"href":"https:\/\/estudionuriabalboa.com\/en\/wp-json\/wp\/v2\/pages\/650","targetHints":{"allow":["GET"]}}],"collection":[{"href":"https:\/\/estudionuriabalboa.com\/en\/wp-json\/wp\/v2\/pages"}],"about":[{"href":"https:\/\/estudionuriabalboa.com\/en\/wp-json\/wp\/v2\/types\/page"}],"author":[{"embeddable":true,"href":"https:\/\/estudionuriabalboa.com\/en\/wp-json\/wp\/v2\/users\/1"}],"replies":[{"embeddable":true,"href":"https:\/\/estudionuriabalboa.com\/en\/wp-json\/wp\/v2\/comments?post=650"}],"version-history":[{"count":0,"href":"https:\/\/estudionuriabalboa.com\/en\/wp-json\/wp\/v2\/pages\/650\/revisions"}],"wp:attachment":[{"href":"https:\/\/estudionuriabalboa.com\/en\/wp-json\/wp\/v2\/media?parent=650"}],"curies":[{"name":"wp","href":"https:\/\/api.w.org\/{rel}","templated":true}]}}